{"id":317,"date":"2017-09-10T11:37:32","date_gmt":"2017-09-10T14:37:32","guid":{"rendered":"http:\/\/www.arsial.com.br\/?page_id=317"},"modified":"2017-09-10T11:37:32","modified_gmt":"2017-09-10T14:37:32","slug":"instalacao-eletrica","status":"publish","type":"page","link":"http:\/\/www.arsial.com.br\/index.php\/instalacao-eletrica\/","title":{"rendered":"INSTALA\u00c7\u00c3O EL\u00c9TRICA"},"content":{"rendered":"<p>[vc_row full_content_width=&#8221;row-inner-full&#8221; top=&#8221;0px&#8221; bottom=&#8221;0px&#8221;][vc_column][vc_section_menu][vc_section_menu_item link_text=&#8221;HOME&#8221; section_id=&#8221;http:\/\/www.arsial.com.br&#8221; title=&#8221;Se\u00e7\u00e3o&#8221;][vc_section_menu_item link_text=&#8221;EMPRESA&#8221; section_id=&#8221;http:\/\/www.arsial.com.br#empresa&#8221; title=&#8221;Se\u00e7\u00e3o&#8221;][vc_section_menu_item link_text=&#8221;SERVI\u00c7OS&#8221; section_id=&#8221;http:\/\/www.arsial.com.br#servicos&#8221; title=&#8221;Se\u00e7\u00e3o&#8221;][vc_section_menu_item link_text=&#8221;CLIENTES&#8221; section_id=&#8221;http:\/\/www.arsial.com.br#clientes&#8221; title=&#8221;Se\u00e7\u00e3o&#8221;][vc_section_menu_item link_text=&#8221;CONTATO&#8221; section_id=&#8221;http:\/\/www.arsial.com.br#contato&#8221; title=&#8221;Se\u00e7\u00e3o&#8221;][\/vc_section_menu][\/vc_column][\/vc_row][vc_row full_content_width=&#8221;row-inner-full&#8221; bg_repeat=&#8221;no-repeat&#8221; bg_position=&#8221;&#8221; bg_attachment=&#8221;fixed&#8221; bottom=&#8221;30px&#8221; bg_image=&#8221;105&#8243;][vc_column width=&#8221;1\/4&#8243;][\/vc_column][vc_column width=&#8221;3\/4&#8243;][vc_custom_heading text=&#8221;INSTALA\u00c7\u00c3O EL\u00c9TRICA&#8221; font_container=&#8221;tag:h1|font_size:40px|text_align:left|color:%23264063&#8243; google_fonts=&#8221;font_family:Roboto%3A100%2C100italic%2C300%2C300italic%2Cregular%2Citalic%2C500%2C500italic%2C700%2C700italic%2C900%2C900italic|font_style:900%20bold%20regular%3A900%3Anormal&#8221;][vc_raw_html]JTNDaHIlMjBzdHlsZSUzRCUyMmJvcmRlci10b3AlM0ElMjBzb2xpZCUyMDNweCUyMCUyM2QzMzg0MCUzQiUyMHdpZHRoJTNBJTIwNzBweCUyMCUyMWltcG9ydGFudCUzQiUyMG1hcmdpbi10b3AlM0EtMTVweCUzQiUyMiUyMCUyRiUzRQ==[\/vc_raw_html][\/vc_column][\/vc_row][vc_row top=&#8221;0px&#8221;][vc_column][vc_separator][vc_spacer][\/vc_column][\/vc_row]<\/p>\n","protected":false},"excerpt":{"rendered":"<p>[vc_row full_content_width=&#8221;row-inner-full&#8221; top=&#8221;0px&#8221; bottom=&#8221;0px&#8221;][vc_column][vc_section_menu][vc_section_menu_item link_text=&#8221;HOME&#8221; section_id=&#8221;http:\/\/www.arsial.com.br&#8221; title=&#8221;Se\u00e7\u00e3o&#8221;][vc_section_menu_item link_text=&#8221;EMPRESA&#8221; section_id=&#8221;http:\/\/www.arsial.com.br#empresa&#8221; title=&#8221;Se\u00e7\u00e3o&#8221;][vc_section_menu_item link_text=&#8221;SERVI\u00c7OS&#8221; section_id=&#8221;http:\/\/www.arsial.com.br#servicos&#8221; title=&#8221;Se\u00e7\u00e3o&#8221;][vc_section_menu_item link_text=&#8221;CLIENTES&#8221; section_id=&#8221;http:\/\/www.arsial.com.br#clientes&#8221; title=&#8221;Se\u00e7\u00e3o&#8221;][vc_section_menu_item link_text=&#8221;CONTATO&#8221; section_id=&#8221;http:\/\/www.arsial.com.br#contato&#8221; title=&#8221;Se\u00e7\u00e3o&#8221;][\/vc_section_menu][\/vc_column][\/vc_row][vc_row full_content_width=&#8221;row-inner-full&#8221; bg_repeat=&#8221;no-repeat&#8221; bg_position=&#8221;&#8221; bg_attachment=&#8221;fixed&#8221; bottom=&#8221;30px&#8221; bg_image=&#8221;105&#8243;][vc_column width=&#8221;1\/4&#8243;][\/vc_column][vc_column width=&#8221;3\/4&#8243;][vc_custom_heading text=&#8221;INSTALA\u00c7\u00c3O EL\u00c9TRICA&#8221; font_container=&#8221;tag:h1|font_size:40px|text_align:left|color:%23264063&#8243; google_fonts=&#8221;font_family:Roboto%3A100%2C100italic%2C300%2C300italic%2Cregular%2Citalic%2C500%2C500italic%2C700%2C700italic%2C900%2C900italic|font_style:900%20bold%20regular%3A900%3Anormal&#8221;][vc_raw_html]JTNDaHIlMjBzdHlsZSUzRCUyMmJvcmRlci10b3AlM0ElMjBzb2xpZCUyMDNweCUyMCUyM2QzMzg0MCUzQiUyMHdpZHRoJTNBJTIwNzBweCUyMCUyMWltcG9ydGFudCUzQiUyMG1hcmdpbi10b3AlM0EtMTVweCUzQiUyMiUyMCUyRiUzRQ==[\/vc_raw_html][\/vc_column][\/vc_row][vc_row top=&#8221;0px&#8221;][vc_column][vc_separator][vc_spacer][\/vc_column][\/vc_row]<\/p>\n","protected":false},"author":1,"featured_media":0,"parent":0,"menu_order":0,"comment_status":"closed","ping_status":"closed","template":"page-full-width.php","meta":[],"_links":{"self":[{"href":"http:\/\/www.arsial.com.br\/index.php\/wp-json\/wp\/v2\/pages\/317"}],"collection":[{"href":"http:\/\/www.arsial.com.br\/index.php\/wp-json\/wp\/v2\/pages"}],"about":[{"href":"http:\/\/www.arsial.com.br\/index.php\/wp-json\/wp\/v2\/types\/page"}],"author":[{"embeddable":true,"href":"http:\/\/www.arsial.com.br\/index.php\/wp-json\/wp\/v2\/users\/1"}],"replies":[{"embeddable":true,"href":"http:\/\/www.arsial.com.br\/index.php\/wp-json\/wp\/v2\/comments?post=317"}],"version-history":[{"count":1,"href":"http:\/\/www.arsial.com.br\/index.php\/wp-json\/wp\/v2\/pages\/317\/revisions"}],"predecessor-version":[{"id":318,"href":"http:\/\/www.arsial.com.br\/index.php\/wp-json\/wp\/v2\/pages\/317\/revisions\/318"}],"wp:attachment":[{"href":"http:\/\/www.arsial.com.br\/index.php\/wp-json\/wp\/v2\/media?parent=317"}],"curies":[{"name":"wp","href":"https:\/\/api.w.org\/{rel}","templated":true}]}}