{"id":265,"date":"2017-08-24T11:03:13","date_gmt":"2017-08-24T14:03:13","guid":{"rendered":"https:\/\/santosoft.com.br\/projetos\/arsial\/?page_id=265"},"modified":"2017-09-10T11:35:51","modified_gmt":"2017-09-10T14:35:51","slug":"empresa","status":"publish","type":"page","link":"http:\/\/www.arsial.com.br\/index.php\/empresa\/","title":{"rendered":"EMPRESA"},"content":{"rendered":"<p>[vc_row full_content_width=&#8221;row-inner-full&#8221; top=&#8221;0px&#8221; bottom=&#8221;0px&#8221;][vc_column][vc_section_menu][vc_section_menu_item link_text=&#8221;HOME&#8221; section_id=&#8221;http:\/\/www.arsial.com.br&#8221; title=&#8221;Se\u00e7\u00e3o&#8221;][vc_section_menu_item link_text=&#8221;EMPRESA&#8221; section_id=&#8221;http:\/\/www.arsial.com.br#empresa&#8221; title=&#8221;Se\u00e7\u00e3o&#8221;][vc_section_menu_item link_text=&#8221;SERVI\u00c7OS&#8221; section_id=&#8221;http:\/\/www.arsial.com.br#servicos&#8221; title=&#8221;Se\u00e7\u00e3o&#8221;][vc_section_menu_item link_text=&#8221;CLIENTES&#8221; section_id=&#8221;http:\/\/www.arsial.com.br#clientes&#8221; title=&#8221;Se\u00e7\u00e3o&#8221;][vc_section_menu_item link_text=&#8221;CONTATO&#8221; section_id=&#8221;http:\/\/www.arsial.com.br#contato&#8221; title=&#8221;Se\u00e7\u00e3o&#8221;][\/vc_section_menu][\/vc_column][\/vc_row][vc_row full_content_width=&#8221;row-inner-full&#8221; bg_repeat=&#8221;no-repeat&#8221; bg_position=&#8221;&#8221; bg_attachment=&#8221;fixed&#8221; bottom=&#8221;30px&#8221; bg_image=&#8221;105&#8243;][vc_column width=&#8221;1\/4&#8243;][\/vc_column][vc_column width=&#8221;3\/4&#8243;][vc_custom_heading text=&#8221;EMPRESA&#8221; font_container=&#8221;tag:h1|font_size:40px|text_align:left|color:%23264063&#8243; google_fonts=&#8221;font_family:Roboto%3A100%2C100italic%2C300%2C300italic%2Cregular%2Citalic%2C500%2C500italic%2C700%2C700italic%2C900%2C900italic|font_style:900%20bold%20regular%3A900%3Anormal&#8221;][vc_raw_html]JTNDaHIlMjBzdHlsZSUzRCUyMmJvcmRlci10b3AlM0ElMjBzb2xpZCUyMDNweCUyMCUyM2QzMzg0MCUzQiUyMHdpZHRoJTNBJTIwNzBweCUyMCUyMWltcG9ydGFudCUzQiUyMG1hcmdpbi10b3AlM0EtMTVweCUzQiUyMiUyMCUyRiUzRQ==[\/vc_raw_html][\/vc_column][\/vc_row][vc_row top=&#8221;0px&#8221;][vc_column][vc_separator][vc_spacer][vc_column_text]<\/p>\n<h2><span style=\"font-family: helvetica, arial, sans-serif;\">BEM VINDO!<\/span><\/h2>\n<p><span style=\"font-family: helvetica, arial, sans-serif;\">A ARSIAL SOLU\u00c7\u00d5ES PREDIAIS foi criada para suprir as necessidades dos clientes que prezam pela qualidade e atendimento diferenciado, por esse motivo criamos mecanismos de gest\u00e3o empresarial focados nesses fatores. A flexibilidade e adapta\u00e7\u00e3o com os clientes \u00e9 um potencial muito favor\u00e1vel na pol\u00edtica da empresa; estamos sempre buscando o desenvolvimento continuo para superar as expectativas dos nossos clientes.<\/span><\/p>\n<h3><span style=\"font-family: helvetica, arial, sans-serif;\">QUEM SOMOS:<\/span><\/h3>\n<p><span style=\"font-family: helvetica, arial, sans-serif;\">A ARSIAL SOLU\u00c7\u00d5ES PREDIAIS nasceu da soma de duas capacidades: de um lado, a larga experi\u00eancia de mais de 20 anos na \u00e1rea de engenharia t\u00e9cnicas e de outro a viv\u00eancia de mais de 10 anos na \u00e1rea administrativa financeira. O que torna a ARSIAL SOLU\u00c7\u00d5ES PREDIAIS uma empresa s\u00f3lida, s\u00e9ria, comprometida com o que faz.<\/span><\/p>\n<h3><span style=\"font-family: helvetica, arial, sans-serif;\">MISS\u00c3O:<\/span><\/h3>\n<p><span style=\"font-family: helvetica, arial, sans-serif;\">\u201cRealizar obras com garantia de boa administra\u00e7\u00e3o\u201d<\/span><\/p>\n<h3><span style=\"font-family: helvetica, arial, sans-serif;\">VIS\u00c3O:<\/span><\/h3>\n<p><span style=\"font-family: helvetica, arial, sans-serif;\">Ser uma empresa reconhecida no mercado e na sociedade pela busca da satisfa\u00e7\u00e3o plena dos seus clientes, visando uma s\u00f3lida estrutura e crescimento cont\u00ednuo.<\/span><\/p>\n<h3><span style=\"font-family: helvetica, arial, sans-serif;\">VALORES:<\/span><\/h3>\n<p><span style=\"font-family: helvetica, arial, sans-serif;\">Comprometimento \u2013 Equidade \u2013 \u00c9tica \u2013 Transpar\u00eancia \u2013 Solidariedade \u2013 Religiosidade.<\/span><\/p>\n<h3><span style=\"font-family: helvetica, arial, sans-serif;\">POL\u00cdTICA DA EMPRESA<\/span><\/h3>\n<h4><span style=\"font-family: helvetica, arial, sans-serif;\">Produtos e Equipamento:<\/span><\/h4>\n<p><span style=\"font-family: helvetica, arial, sans-serif;\">A ARSIAL SOLU\u00c7\u00d5ES PREDIAIS s\u00f3 faz parceria com fornecedores de produtos e equipamentos de ponta e est\u00e1 em constante pesquisa em rela\u00e7\u00e3o aos lan\u00e7amentos no mercado, avaliando e testando a efic\u00e1cia e rela\u00e7\u00e3o custo\/benef\u00edcio de novos produtos e equipamentos.<\/span><\/p>\n<h4><span style=\"font-family: helvetica, arial, sans-serif;\">Recursos Humanos:<\/span><\/h4>\n<p><span style=\"font-family: helvetica, arial, sans-serif;\">A ARSIAL SOLU\u00c7\u00d5ES PREDIAIS entende a import\u00e2ncia da m\u00e3o de obra qualificada em seu trabalho e por isso tem uma forte pol\u00edtica de RH que valoriza sua equipe atrav\u00e9s de treinamentos t\u00e9cnicos e motivacionais, avalia\u00e7\u00f5es mensais e uma pol\u00edtica de premia\u00e7\u00e3o por desempenho.<\/span><\/p>\n<h4><span style=\"font-family: helvetica, arial, sans-serif;\">Seguran\u00e7a:<\/span><\/h4>\n<p><span style=\"font-family: helvetica, arial, sans-serif;\">Al\u00e9m de atender todas as normas t\u00e9cnicas exigidas na engenharia civil \u2013 principalmente o uso de equipamentos de prote\u00e7\u00e3o individual \u2013 EPI, a ARSIAL SOLU\u00c7\u00d5ES PREDIAIS avalia e planeja toda obra a ser executada e cuida de todos os detalhes que garantam a seguran\u00e7a de toda a sua equipe e de todas as pessoas que estejam em tr\u00e2nsito nas proximidades do local da obra.<\/span><\/p>\n<p><span style=\"font-family: helvetica, arial, sans-serif;\">Encargos Sociais e Fiscais \/ Seguro de Responsabilidade Civil\/ Seguro de Acidentes Pessoais:<\/span><\/p>\n<p><span style=\"font-family: helvetica, arial, sans-serif;\">\u00c9 pol\u00edtica da empresa seguir todas as normas e leis vigentes. Fazendo todos os recolhimentos e realizando todos os seguros que garantem a tranquilidade do cliente, dos trabalhadores e da ARSIAL SOLU\u00c7\u00d5ES PREDIAIS.<\/span>[\/vc_column_text][\/vc_column][\/vc_row]<\/p>\n","protected":false},"excerpt":{"rendered":"<p>[vc_row full_content_width=&#8221;row-inner-full&#8221; top=&#8221;0px&#8221; bottom=&#8221;0px&#8221;][vc_column][vc_section_menu][vc_section_menu_item link_text=&#8221;HOME&#8221; section_id=&#8221;http:\/\/www.arsial.com.br&#8221; title=&#8221;Se\u00e7\u00e3o&#8221;][vc_section_menu_item link_text=&#8221;EMPRESA&#8221; section_id=&#8221;http:\/\/www.arsial.com.br#empresa&#8221; title=&#8221;Se\u00e7\u00e3o&#8221;][vc_section_menu_item link_text=&#8221;SERVI\u00c7OS&#8221; section_id=&#8221;http:\/\/www.arsial.com.br#servicos&#8221; title=&#8221;Se\u00e7\u00e3o&#8221;][vc_section_menu_item link_text=&#8221;CLIENTES&#8221; section_id=&#8221;http:\/\/www.arsial.com.br#clientes&#8221; title=&#8221;Se\u00e7\u00e3o&#8221;][vc_section_menu_item link_text=&#8221;CONTATO&#8221; section_id=&#8221;http:\/\/www.arsial.com.br#contato&#8221; title=&#8221;Se\u00e7\u00e3o&#8221;][\/vc_section_menu][\/vc_column][\/vc_row][vc_row full_content_width=&#8221;row-inner-full&#8221; bg_repeat=&#8221;no-repeat&#8221; bg_position=&#8221;&#8221; bg_attachment=&#8221;fixed&#8221; bottom=&#8221;30px&#8221; bg_image=&#8221;105&#8243;][vc_column width=&#8221;1\/4&#8243;][\/vc_column][vc_column width=&#8221;3\/4&#8243;][vc_custom_heading text=&#8221;EMPRESA&#8221; font_container=&#8221;tag:h1|font_size:40px|text_align:left|color:%23264063&#8243; google_fonts=&#8221;font_family:Roboto%3A100%2C100italic%2C300%2C300italic%2Cregular%2Citalic%2C500%2C500italic%2C700%2C700italic%2C900%2C900italic|font_style:900%20bold%20regular%3A900%3Anormal&#8221;][vc_raw_html]JTNDaHIlMjBzdHlsZSUzRCUyMmJvcmRlci10b3AlM0ElMjBzb2xpZCUyMDNweCUyMCUyM2QzMzg0MCUzQiUyMHdpZHRoJTNBJTIwNzBweCUyMCUyMWltcG9ydGFudCUzQiUyMG1hcmdpbi10b3AlM0EtMTVweCUzQiUyMiUyMCUyRiUzRQ==[\/vc_raw_html][\/vc_column][\/vc_row][vc_row top=&#8221;0px&#8221;][vc_column][vc_separator][vc_spacer][vc_column_text] BEM VINDO! A ARSIAL SOLU\u00c7\u00d5ES PREDIAIS foi criada para suprir as necessidades dos clientes que prezam pela qualidade e atendimento diferenciado, por esse motivo [&hellip;]<\/p>\n","protected":false},"author":1,"featured_media":0,"parent":0,"menu_order":0,"comment_status":"closed","ping_status":"closed","template":"page-full-width.php","meta":[],"_links":{"self":[{"href":"http:\/\/www.arsial.com.br\/index.php\/wp-json\/wp\/v2\/pages\/265"}],"collection":[{"href":"http:\/\/www.arsial.com.br\/index.php\/wp-json\/wp\/v2\/pages"}],"about":[{"href":"http:\/\/www.arsial.com.br\/index.php\/wp-json\/wp\/v2\/types\/page"}],"author":[{"embeddable":true,"href":"http:\/\/www.arsial.com.br\/index.php\/wp-json\/wp\/v2\/users\/1"}],"replies":[{"embeddable":true,"href":"http:\/\/www.arsial.com.br\/index.php\/wp-json\/wp\/v2\/comments?post=265"}],"version-history":[{"count":2,"href":"http:\/\/www.arsial.com.br\/index.php\/wp-json\/wp\/v2\/pages\/265\/revisions"}],"predecessor-version":[{"id":312,"href":"http:\/\/www.arsial.com.br\/index.php\/wp-json\/wp\/v2\/pages\/265\/revisions\/312"}],"wp:attachment":[{"href":"http:\/\/www.arsial.com.br\/index.php\/wp-json\/wp\/v2\/media?parent=265"}],"curies":[{"name":"wp","href":"https:\/\/api.w.org\/{rel}","templated":true}]}}